{"id":2808,"date":"2022-05-20T20:52:08","date_gmt":"2022-05-20T20:52:08","guid":{"rendered":"https:\/\/elitakom.mk\/contact\/"},"modified":"2022-09-24T19:02:02","modified_gmt":"2022-09-24T19:02:02","slug":"contact","status":"publish","type":"page","link":"https:\/\/elitakom.mk\/mk\/contact\/","title":{"rendered":"\u041a\u043e\u043d\u0442\u0430\u043a\u0442\u0438"},"content":{"rendered":"","protected":false},"excerpt":{"rendered":"","protected":false},"author":1,"featured_media":0,"parent":0,"menu_order":0,"comment_status":"closed","ping_status":"closed","template":"views\/contact-page.blade.php","meta":{"_acf_changed":false,"footnotes":""},"class_list":["post-2808","page","type-page","status-publish","hentry"],"acf":[],"yoast_head":"<!-- This site is optimized with the Yoast SEO plugin v27.3 - https:\/\/yoast.com\/product\/yoast-seo-wordpress\/ -->\n<title>\u041a\u043e\u043d\u0442\u0430\u043a\u0442\u0438 - Elitakom | Exclusive Doors<\/title>\n<meta name=\"description\" content=\"Brakja Miladinovci nr.5,1200 Tetov\u00eb, Maqedonia e Veriut. Elitakom, jemi n\u00eb sh\u00ebrbimin tuaj. P\u00ebr m\u00eb tep\u00ebr informacione, ju lutemi na kontaktoni\" \/>\n<meta name=\"robots\" content=\"index, follow, max-snippet:-1, max-image-preview:large, max-video-preview:-1\" \/>\n<link rel=\"canonical\" href=\"https:\/\/elitakom.mk\/mk\/contact\/\" \/>\n<meta property=\"og:locale\" content=\"mk_MK\" \/>\n<meta property=\"og:type\" content=\"article\" \/>\n<meta property=\"og:title\" content=\"\u041a\u043e\u043d\u0442\u0430\u043a\u0442\u0438 - Elitakom | Exclusive Doors\" \/>\n<meta property=\"og:description\" content=\"Brakja Miladinovci nr.5,1200 Tetov\u00eb, Maqedonia e Veriut. Elitakom, jemi n\u00eb sh\u00ebrbimin tuaj. P\u00ebr m\u00eb tep\u00ebr informacione, ju lutemi na kontaktoni\" \/>\n<meta property=\"og:url\" content=\"https:\/\/elitakom.mk\/mk\/contact\/\" \/>\n<meta property=\"og:site_name\" content=\"Elitakom\" \/>\n<meta property=\"article:publisher\" content=\"https:\/\/www.facebook.com\/elitakom\" \/>\n<meta property=\"article:modified_time\" content=\"2022-09-24T19:02:02+00:00\" \/>\n<meta property=\"og:image\" content=\"https:\/\/i0.wp.com\/elitakom.mk\/wp-content\/uploads\/2022\/08\/slider.jpg?fit=2100%2C809&ssl=1\" \/>\n\t<meta property=\"og:image:width\" content=\"2100\" \/>\n\t<meta property=\"og:image:height\" content=\"809\" \/>\n\t<meta property=\"og:image:type\" content=\"image\/jpeg\" \/>\n<meta name=\"twitter:card\" content=\"summary_large_image\" \/>\n<script type=\"application\/ld+json\" class=\"yoast-schema-graph\">{\"@context\":\"https:\\\/\\\/schema.org\",\"@graph\":[{\"@type\":[\"WebPage\",\"ContactPage\"],\"@id\":\"https:\\\/\\\/elitakom.mk\\\/mk\\\/contact\\\/\",\"url\":\"https:\\\/\\\/elitakom.mk\\\/mk\\\/contact\\\/\",\"name\":\"\u041a\u043e\u043d\u0442\u0430\u043a\u0442\u0438 - Elitakom | Exclusive Doors\",\"isPartOf\":{\"@id\":\"https:\\\/\\\/elitakom.mk\\\/#website\"},\"datePublished\":\"2022-05-20T20:52:08+00:00\",\"dateModified\":\"2022-09-24T19:02:02+00:00\",\"description\":\"Brakja Miladinovci nr.5,1200 Tetov\u00eb, Maqedonia e Veriut. Elitakom, jemi n\u00eb sh\u00ebrbimin tuaj. P\u00ebr m\u00eb tep\u00ebr informacione, ju lutemi na kontaktoni\",\"breadcrumb\":{\"@id\":\"https:\\\/\\\/elitakom.mk\\\/mk\\\/contact\\\/#breadcrumb\"},\"inLanguage\":\"mk-MK\",\"potentialAction\":[{\"@type\":\"ReadAction\",\"target\":[\"https:\\\/\\\/elitakom.mk\\\/mk\\\/contact\\\/\"]}]},{\"@type\":\"BreadcrumbList\",\"@id\":\"https:\\\/\\\/elitakom.mk\\\/mk\\\/contact\\\/#breadcrumb\",\"itemListElement\":[{\"@type\":\"ListItem\",\"position\":1,\"name\":\"Home\",\"item\":\"https:\\\/\\\/elitakom.mk\\\/mk\\\/\"},{\"@type\":\"ListItem\",\"position\":2,\"name\":\"\u041a\u043e\u043d\u0442\u0430\u043a\u0442\u0438\"}]},{\"@type\":\"WebSite\",\"@id\":\"https:\\\/\\\/elitakom.mk\\\/#website\",\"url\":\"https:\\\/\\\/elitakom.mk\\\/\",\"name\":\"Elitakom\",\"description\":\"Exclusive Doors\",\"publisher\":{\"@id\":\"https:\\\/\\\/elitakom.mk\\\/#organization\"},\"potentialAction\":[{\"@type\":\"SearchAction\",\"target\":{\"@type\":\"EntryPoint\",\"urlTemplate\":\"https:\\\/\\\/elitakom.mk\\\/?s={search_term_string}\"},\"query-input\":{\"@type\":\"PropertyValueSpecification\",\"valueRequired\":true,\"valueName\":\"search_term_string\"}}],\"inLanguage\":\"mk-MK\"},{\"@type\":\"Organization\",\"@id\":\"https:\\\/\\\/elitakom.mk\\\/#organization\",\"name\":\"Elitakom\",\"url\":\"https:\\\/\\\/elitakom.mk\\\/\",\"logo\":{\"@type\":\"ImageObject\",\"inLanguage\":\"mk-MK\",\"@id\":\"https:\\\/\\\/elitakom.mk\\\/#\\\/schema\\\/logo\\\/image\\\/\",\"url\":\"https:\\\/\\\/elitakom.mk\\\/wp-content\\\/uploads\\\/2022\\\/04\\\/logo_dark.png\",\"contentUrl\":\"https:\\\/\\\/elitakom.mk\\\/wp-content\\\/uploads\\\/2022\\\/04\\\/logo_dark.png\",\"width\":218,\"height\":68,\"caption\":\"Elitakom\"},\"image\":{\"@id\":\"https:\\\/\\\/elitakom.mk\\\/#\\\/schema\\\/logo\\\/image\\\/\"},\"sameAs\":[\"https:\\\/\\\/www.facebook.com\\\/elitakom\",\"https:\\\/\\\/www.instagram.com\\\/elita_kom\\\/\"]}]}<\/script>\n<!-- \/ Yoast SEO plugin. -->","yoast_head_json":{"title":"\u041a\u043e\u043d\u0442\u0430\u043a\u0442\u0438 - Elitakom | Exclusive Doors","description":"Brakja Miladinovci nr.5,1200 Tetov\u00eb, Maqedonia e Veriut. Elitakom, jemi n\u00eb sh\u00ebrbimin tuaj. P\u00ebr m\u00eb tep\u00ebr informacione, ju lutemi na kontaktoni","robots":{"index":"index","follow":"follow","max-snippet":"max-snippet:-1","max-image-preview":"max-image-preview:large","max-video-preview":"max-video-preview:-1"},"canonical":"https:\/\/elitakom.mk\/mk\/contact\/","og_locale":"mk_MK","og_type":"article","og_title":"\u041a\u043e\u043d\u0442\u0430\u043a\u0442\u0438 - Elitakom | Exclusive Doors","og_description":"Brakja Miladinovci nr.5,1200 Tetov\u00eb, Maqedonia e Veriut. Elitakom, jemi n\u00eb sh\u00ebrbimin tuaj. P\u00ebr m\u00eb tep\u00ebr informacione, ju lutemi na kontaktoni","og_url":"https:\/\/elitakom.mk\/mk\/contact\/","og_site_name":"Elitakom","article_publisher":"https:\/\/www.facebook.com\/elitakom","article_modified_time":"2022-09-24T19:02:02+00:00","og_image":[{"width":2100,"height":809,"url":"https:\/\/i0.wp.com\/elitakom.mk\/wp-content\/uploads\/2022\/08\/slider.jpg?fit=2100%2C809&ssl=1","type":"image\/jpeg"}],"twitter_card":"summary_large_image","schema":{"@context":"https:\/\/schema.org","@graph":[{"@type":["WebPage","ContactPage"],"@id":"https:\/\/elitakom.mk\/mk\/contact\/","url":"https:\/\/elitakom.mk\/mk\/contact\/","name":"\u041a\u043e\u043d\u0442\u0430\u043a\u0442\u0438 - Elitakom | Exclusive Doors","isPartOf":{"@id":"https:\/\/elitakom.mk\/#website"},"datePublished":"2022-05-20T20:52:08+00:00","dateModified":"2022-09-24T19:02:02+00:00","description":"Brakja Miladinovci nr.5,1200 Tetov\u00eb, Maqedonia e Veriut. Elitakom, jemi n\u00eb sh\u00ebrbimin tuaj. P\u00ebr m\u00eb tep\u00ebr informacione, ju lutemi na kontaktoni","breadcrumb":{"@id":"https:\/\/elitakom.mk\/mk\/contact\/#breadcrumb"},"inLanguage":"mk-MK","potentialAction":[{"@type":"ReadAction","target":["https:\/\/elitakom.mk\/mk\/contact\/"]}]},{"@type":"BreadcrumbList","@id":"https:\/\/elitakom.mk\/mk\/contact\/#breadcrumb","itemListElement":[{"@type":"ListItem","position":1,"name":"Home","item":"https:\/\/elitakom.mk\/mk\/"},{"@type":"ListItem","position":2,"name":"\u041a\u043e\u043d\u0442\u0430\u043a\u0442\u0438"}]},{"@type":"WebSite","@id":"https:\/\/elitakom.mk\/#website","url":"https:\/\/elitakom.mk\/","name":"Elitakom","description":"Exclusive Doors","publisher":{"@id":"https:\/\/elitakom.mk\/#organization"},"potentialAction":[{"@type":"SearchAction","target":{"@type":"EntryPoint","urlTemplate":"https:\/\/elitakom.mk\/?s={search_term_string}"},"query-input":{"@type":"PropertyValueSpecification","valueRequired":true,"valueName":"search_term_string"}}],"inLanguage":"mk-MK"},{"@type":"Organization","@id":"https:\/\/elitakom.mk\/#organization","name":"Elitakom","url":"https:\/\/elitakom.mk\/","logo":{"@type":"ImageObject","inLanguage":"mk-MK","@id":"https:\/\/elitakom.mk\/#\/schema\/logo\/image\/","url":"https:\/\/elitakom.mk\/wp-content\/uploads\/2022\/04\/logo_dark.png","contentUrl":"https:\/\/elitakom.mk\/wp-content\/uploads\/2022\/04\/logo_dark.png","width":218,"height":68,"caption":"Elitakom"},"image":{"@id":"https:\/\/elitakom.mk\/#\/schema\/logo\/image\/"},"sameAs":["https:\/\/www.facebook.com\/elitakom","https:\/\/www.instagram.com\/elita_kom\/"]}]}},"_links":{"self":[{"href":"https:\/\/elitakom.mk\/mk\/wp-json\/wp\/v2\/pages\/2808","targetHints":{"allow":["GET"]}}],"collection":[{"href":"https:\/\/elitakom.mk\/mk\/wp-json\/wp\/v2\/pages"}],"about":[{"href":"https:\/\/elitakom.mk\/mk\/wp-json\/wp\/v2\/types\/page"}],"author":[{"embeddable":true,"href":"https:\/\/elitakom.mk\/mk\/wp-json\/wp\/v2\/users\/1"}],"replies":[{"embeddable":true,"href":"https:\/\/elitakom.mk\/mk\/wp-json\/wp\/v2\/comments?post=2808"}],"version-history":[{"count":0,"href":"https:\/\/elitakom.mk\/mk\/wp-json\/wp\/v2\/pages\/2808\/revisions"}],"wp:attachment":[{"href":"https:\/\/elitakom.mk\/mk\/wp-json\/wp\/v2\/media?parent=2808"}],"curies":[{"name":"wp","href":"https:\/\/api.w.org\/{rel}","templated":true}]}}