{"id":3,"date":"2022-04-16T12:25:28","date_gmt":"2022-04-16T12:25:28","guid":{"rendered":"https:\/\/elitakom.mk\/?page_id=3"},"modified":"2022-07-15T17:36:45","modified_gmt":"2022-07-15T17:36:45","slug":"privacy-policy","status":"publish","type":"page","link":"https:\/\/elitakom.mk\/sq\/privacy-policy\/","title":{"rendered":"Politika e privat\u00ebsis\u00eb"},"content":{"rendered":"\n<h2 class=\"wp-block-heading\">Kush jemi ne<\/h2>\n\n\n\n<p>Adresa jon\u00eb e internetit \u00ebsht\u00eb: https:\/\/elitakom.mk.<\/p>\n\n\n\n<h2 class=\"wp-block-heading\">Media<\/h2>\n\n\n\n<p>N\u00ebse ngarkoni imazhe n\u00eb faqen e internetit, duhet t\u00eb shmangni ngarkimin e imazheve me t\u00eb dh\u00ebna t\u00eb ngulitura t\u00eb vendndodhjes (EXIF GPS). Vizitor\u00ebt e faqes n\u00eb internet mund t\u00eb shkarkojn\u00eb dhe nxjerrin \u00e7do t\u00eb dh\u00ebn\u00eb vendndodhjeje nga imazhet n\u00eb faqen e internetit.<\/p>\n\n\n\n<h2 class=\"wp-block-heading\">Cookies<\/h2>\n\n\n\n<p>N\u00ebse lini nj\u00eb koment n\u00eb faqen ton\u00eb, ju mund t\u00eb zgjidhni t\u00eb ruani emrin, adres\u00ebn e emailit dhe uebsajtin tuaj n\u00eb cookie. K\u00ebto jan\u00eb p\u00ebr leht\u00ebsin\u00eb tuaj, n\u00eb m\u00ebnyr\u00eb q\u00eb t\u00eb mos keni nevoj\u00eb t\u00eb plot\u00ebsoni p\u00ebrs\u00ebri t\u00eb dh\u00ebnat tuaja kur t\u00eb lini nj\u00eb koment tjet\u00ebr. K\u00ebto biskota do t\u00eb zgjasin p\u00ebr nj\u00eb vit.<\/p>\n\n\n\n<h2 class=\"wp-block-heading\">P\u00ebrmbajtje e integruar nga faqet e tjera t\u00eb internetit<\/h2>\n\n\n\n<p>Artikujt n\u00eb k\u00ebt\u00eb sajt mund t\u00eb p\u00ebrfshijn\u00eb p\u00ebrmbajtje t\u00eb integruar (p.sh. video, imazhe, artikuj, etj.). P\u00ebrmbajtja e integruar nga faqet e tjera t\u00eb internetit sillet n\u00eb t\u00eb nj\u00ebjt\u00ebn m\u00ebnyr\u00eb sikur vizitori t\u00eb ket\u00eb vizituar faqen tjet\u00ebr t\u00eb internetit.<\/p>\n\n\n\n<p>K\u00ebto faqe interneti mund t\u00eb mbledhin t\u00eb dh\u00ebna p\u00ebr ju, t\u00eb p\u00ebrdorin skedar\u00eb kuki, t\u00eb ngulitin gjurmime shtes\u00eb t\u00eb pal\u00ebve t\u00eb treta dhe t\u00eb monitorojn\u00eb nd\u00ebrveprimin tuaj me at\u00eb p\u00ebrmbajtje t\u00eb integruar, duke p\u00ebrfshir\u00eb ndjekjen e nd\u00ebrveprimit tuaj me p\u00ebrmbajtjen e integruar n\u00ebse keni nj\u00eb llogari dhe jeni identifikuar n\u00eb at\u00eb faqe interneti.<\/p>\n\n\n\n<h2 class=\"wp-block-heading\">P\u00ebr sa koh\u00eb i ruajm\u00eb t\u00eb dh\u00ebnat tuaja<\/h2>\n\n\n\n<p>N\u00ebse lini nj\u00eb koment, komenti dhe meta t\u00eb dh\u00ebnat e tij mbahen p\u00ebr nj\u00eb koh\u00eb t\u00eb pacaktuar. Kjo \u00ebsht\u00eb k\u00ebshtu q\u00eb ne mund t\u00eb njohim dhe miratojm\u00eb automatikisht \u00e7do koment pasues n\u00eb vend q\u00eb t\u2019i mbajm\u00eb n\u00eb nj\u00eb radh\u00eb moderimi.<\/p>\n\n\n\n<h2 class=\"wp-block-heading\">Ku i d\u00ebrgojm\u00eb t\u00eb dh\u00ebnat tuaja<\/h2>\n\n\n\n<p>Komentet e vizitor\u00ebve mund t\u00eb kontrollohen n\u00ebp\u00ebrmjet sh\u00ebrbimit t\u00eb automatizuar t\u00eb zbulimit t\u00eb spamit.<\/p>\n\n\n\n<h2 class=\"wp-block-heading\">Analytics<\/h2>\n\n\n\n<p>Sh\u00ebrbimet e p\u00ebrfshira n\u00eb k\u00ebt\u00eb seksion i mund\u00ebsojn\u00eb pronarit t\u00eb monitoroj\u00eb dhe analizoj\u00eb trafikun n\u00eb uebfaqe.<\/p>\n","protected":false},"excerpt":{"rendered":"<p>Kush jemi ne Adresa jon\u00eb e internetit \u00ebsht\u00eb: https:\/\/elitakom.mk. Media N\u00ebse ngarkoni imazhe n\u00eb faqen e internetit, duhet t\u00eb shmangni ngarkimin e imazheve me t\u00eb dh\u00ebna t\u00eb ngulitura t\u00eb vendndodhjes (EXIF GPS). Vizitor\u00ebt e faqes n\u00eb internet mund t\u00eb shkarkojn\u00eb dhe nxjerrin \u00e7do t\u00eb dh\u00ebn\u00eb vendndodhjeje nga imazhet n\u00eb faqen e internetit. Cookies N\u00ebse lini &hellip; <a href=\"https:\/\/elitakom.mk\/sq\/privacy-policy\/\">Continued<\/a><\/p>\n","protected":false},"author":1,"featured_media":0,"parent":0,"menu_order":0,"comment_status":"closed","ping_status":"open","template":"","meta":{"_acf_changed":false,"footnotes":""},"class_list":["post-3","page","type-page","status-publish","hentry"],"acf":[],"yoast_head":"<!-- This site is optimized with the Yoast SEO plugin v27.3 - https:\/\/yoast.com\/product\/yoast-seo-wordpress\/ -->\n<title>Politika e privat\u00ebsis\u00eb - Elitakom<\/title>\n<meta name=\"robots\" content=\"index, follow, max-snippet:-1, max-image-preview:large, max-video-preview:-1\" \/>\n<link rel=\"canonical\" href=\"https:\/\/elitakom.mk\/sq\/privacy-policy\/\" \/>\n<meta property=\"og:locale\" content=\"sq_AL\" \/>\n<meta property=\"og:type\" content=\"article\" \/>\n<meta property=\"og:title\" content=\"Politika e privat\u00ebsis\u00eb - Elitakom\" \/>\n<meta property=\"og:description\" content=\"Kush jemi ne Adresa jon\u00eb e internetit \u00ebsht\u00eb: https:\/\/elitakom.mk. Media N\u00ebse ngarkoni imazhe n\u00eb faqen e internetit, duhet t\u00eb shmangni ngarkimin e imazheve me t\u00eb dh\u00ebna t\u00eb ngulitura t\u00eb vendndodhjes (EXIF GPS). Vizitor\u00ebt e faqes n\u00eb internet mund t\u00eb shkarkojn\u00eb dhe nxjerrin \u00e7do t\u00eb dh\u00ebn\u00eb vendndodhjeje nga imazhet n\u00eb faqen e internetit. Cookies N\u00ebse lini &hellip; Continued\" \/>\n<meta property=\"og:url\" content=\"https:\/\/elitakom.mk\/sq\/privacy-policy\/\" \/>\n<meta property=\"og:site_name\" content=\"Elitakom\" \/>\n<meta property=\"article:publisher\" content=\"https:\/\/www.facebook.com\/elitakom\" \/>\n<meta property=\"article:modified_time\" content=\"2022-07-15T17:36:45+00:00\" \/>\n<meta property=\"og:image\" content=\"https:\/\/i0.wp.com\/elitakom.mk\/wp-content\/uploads\/2022\/08\/slider.jpg?fit=2100%2C809&ssl=1\" \/>\n\t<meta property=\"og:image:width\" content=\"2100\" \/>\n\t<meta property=\"og:image:height\" content=\"809\" \/>\n\t<meta property=\"og:image:type\" content=\"image\/jpeg\" \/>\n<meta name=\"twitter:card\" content=\"summary_large_image\" \/>\n<meta name=\"twitter:label1\" content=\"Est. reading time\" \/>\n\t<meta name=\"twitter:data1\" content=\"3 minutes\" \/>\n<script type=\"application\/ld+json\" class=\"yoast-schema-graph\">{\"@context\":\"https:\\\/\\\/schema.org\",\"@graph\":[{\"@type\":\"WebPage\",\"@id\":\"https:\\\/\\\/elitakom.mk\\\/sq\\\/privacy-policy\\\/\",\"url\":\"https:\\\/\\\/elitakom.mk\\\/sq\\\/privacy-policy\\\/\",\"name\":\"Politika e privat\u00ebsis\u00eb - Elitakom\",\"isPartOf\":{\"@id\":\"https:\\\/\\\/elitakom.mk\\\/#website\"},\"datePublished\":\"2022-04-16T12:25:28+00:00\",\"dateModified\":\"2022-07-15T17:36:45+00:00\",\"breadcrumb\":{\"@id\":\"https:\\\/\\\/elitakom.mk\\\/sq\\\/privacy-policy\\\/#breadcrumb\"},\"inLanguage\":\"sq-AL\",\"potentialAction\":[{\"@type\":\"ReadAction\",\"target\":[\"https:\\\/\\\/elitakom.mk\\\/sq\\\/privacy-policy\\\/\"]}]},{\"@type\":\"BreadcrumbList\",\"@id\":\"https:\\\/\\\/elitakom.mk\\\/sq\\\/privacy-policy\\\/#breadcrumb\",\"itemListElement\":[{\"@type\":\"ListItem\",\"position\":1,\"name\":\"Home\",\"item\":\"https:\\\/\\\/elitakom.mk\\\/sq\\\/\"},{\"@type\":\"ListItem\",\"position\":2,\"name\":\"Politika e privat\u00ebsis\u00eb\"}]},{\"@type\":\"WebSite\",\"@id\":\"https:\\\/\\\/elitakom.mk\\\/#website\",\"url\":\"https:\\\/\\\/elitakom.mk\\\/\",\"name\":\"Elitakom\",\"description\":\"Exclusive Doors\",\"publisher\":{\"@id\":\"https:\\\/\\\/elitakom.mk\\\/#organization\"},\"potentialAction\":[{\"@type\":\"SearchAction\",\"target\":{\"@type\":\"EntryPoint\",\"urlTemplate\":\"https:\\\/\\\/elitakom.mk\\\/?s={search_term_string}\"},\"query-input\":{\"@type\":\"PropertyValueSpecification\",\"valueRequired\":true,\"valueName\":\"search_term_string\"}}],\"inLanguage\":\"sq-AL\"},{\"@type\":\"Organization\",\"@id\":\"https:\\\/\\\/elitakom.mk\\\/#organization\",\"name\":\"Elitakom\",\"url\":\"https:\\\/\\\/elitakom.mk\\\/\",\"logo\":{\"@type\":\"ImageObject\",\"inLanguage\":\"sq-AL\",\"@id\":\"https:\\\/\\\/elitakom.mk\\\/#\\\/schema\\\/logo\\\/image\\\/\",\"url\":\"https:\\\/\\\/elitakom.mk\\\/wp-content\\\/uploads\\\/2022\\\/04\\\/logo_dark.png\",\"contentUrl\":\"https:\\\/\\\/elitakom.mk\\\/wp-content\\\/uploads\\\/2022\\\/04\\\/logo_dark.png\",\"width\":218,\"height\":68,\"caption\":\"Elitakom\"},\"image\":{\"@id\":\"https:\\\/\\\/elitakom.mk\\\/#\\\/schema\\\/logo\\\/image\\\/\"},\"sameAs\":[\"https:\\\/\\\/www.facebook.com\\\/elitakom\",\"https:\\\/\\\/www.instagram.com\\\/elita_kom\\\/\"]}]}<\/script>\n<!-- \/ Yoast SEO plugin. -->","yoast_head_json":{"title":"Politika e privat\u00ebsis\u00eb - Elitakom","robots":{"index":"index","follow":"follow","max-snippet":"max-snippet:-1","max-image-preview":"max-image-preview:large","max-video-preview":"max-video-preview:-1"},"canonical":"https:\/\/elitakom.mk\/sq\/privacy-policy\/","og_locale":"sq_AL","og_type":"article","og_title":"Politika e privat\u00ebsis\u00eb - Elitakom","og_description":"Kush jemi ne Adresa jon\u00eb e internetit \u00ebsht\u00eb: https:\/\/elitakom.mk. Media N\u00ebse ngarkoni imazhe n\u00eb faqen e internetit, duhet t\u00eb shmangni ngarkimin e imazheve me t\u00eb dh\u00ebna t\u00eb ngulitura t\u00eb vendndodhjes (EXIF GPS). Vizitor\u00ebt e faqes n\u00eb internet mund t\u00eb shkarkojn\u00eb dhe nxjerrin \u00e7do t\u00eb dh\u00ebn\u00eb vendndodhjeje nga imazhet n\u00eb faqen e internetit. Cookies N\u00ebse lini &hellip; Continued","og_url":"https:\/\/elitakom.mk\/sq\/privacy-policy\/","og_site_name":"Elitakom","article_publisher":"https:\/\/www.facebook.com\/elitakom","article_modified_time":"2022-07-15T17:36:45+00:00","og_image":[{"width":2100,"height":809,"url":"https:\/\/i0.wp.com\/elitakom.mk\/wp-content\/uploads\/2022\/08\/slider.jpg?fit=2100%2C809&ssl=1","type":"image\/jpeg"}],"twitter_card":"summary_large_image","twitter_misc":{"Est. reading time":"3 minutes"},"schema":{"@context":"https:\/\/schema.org","@graph":[{"@type":"WebPage","@id":"https:\/\/elitakom.mk\/sq\/privacy-policy\/","url":"https:\/\/elitakom.mk\/sq\/privacy-policy\/","name":"Politika e privat\u00ebsis\u00eb - Elitakom","isPartOf":{"@id":"https:\/\/elitakom.mk\/#website"},"datePublished":"2022-04-16T12:25:28+00:00","dateModified":"2022-07-15T17:36:45+00:00","breadcrumb":{"@id":"https:\/\/elitakom.mk\/sq\/privacy-policy\/#breadcrumb"},"inLanguage":"sq-AL","potentialAction":[{"@type":"ReadAction","target":["https:\/\/elitakom.mk\/sq\/privacy-policy\/"]}]},{"@type":"BreadcrumbList","@id":"https:\/\/elitakom.mk\/sq\/privacy-policy\/#breadcrumb","itemListElement":[{"@type":"ListItem","position":1,"name":"Home","item":"https:\/\/elitakom.mk\/sq\/"},{"@type":"ListItem","position":2,"name":"Politika e privat\u00ebsis\u00eb"}]},{"@type":"WebSite","@id":"https:\/\/elitakom.mk\/#website","url":"https:\/\/elitakom.mk\/","name":"Elitakom","description":"Exclusive Doors","publisher":{"@id":"https:\/\/elitakom.mk\/#organization"},"potentialAction":[{"@type":"SearchAction","target":{"@type":"EntryPoint","urlTemplate":"https:\/\/elitakom.mk\/?s={search_term_string}"},"query-input":{"@type":"PropertyValueSpecification","valueRequired":true,"valueName":"search_term_string"}}],"inLanguage":"sq-AL"},{"@type":"Organization","@id":"https:\/\/elitakom.mk\/#organization","name":"Elitakom","url":"https:\/\/elitakom.mk\/","logo":{"@type":"ImageObject","inLanguage":"sq-AL","@id":"https:\/\/elitakom.mk\/#\/schema\/logo\/image\/","url":"https:\/\/elitakom.mk\/wp-content\/uploads\/2022\/04\/logo_dark.png","contentUrl":"https:\/\/elitakom.mk\/wp-content\/uploads\/2022\/04\/logo_dark.png","width":218,"height":68,"caption":"Elitakom"},"image":{"@id":"https:\/\/elitakom.mk\/#\/schema\/logo\/image\/"},"sameAs":["https:\/\/www.facebook.com\/elitakom","https:\/\/www.instagram.com\/elita_kom\/"]}]}},"_links":{"self":[{"href":"https:\/\/elitakom.mk\/sq\/wp-json\/wp\/v2\/pages\/3","targetHints":{"allow":["GET"]}}],"collection":[{"href":"https:\/\/elitakom.mk\/sq\/wp-json\/wp\/v2\/pages"}],"about":[{"href":"https:\/\/elitakom.mk\/sq\/wp-json\/wp\/v2\/types\/page"}],"author":[{"embeddable":true,"href":"https:\/\/elitakom.mk\/sq\/wp-json\/wp\/v2\/users\/1"}],"replies":[{"embeddable":true,"href":"https:\/\/elitakom.mk\/sq\/wp-json\/wp\/v2\/comments?post=3"}],"version-history":[{"count":0,"href":"https:\/\/elitakom.mk\/sq\/wp-json\/wp\/v2\/pages\/3\/revisions"}],"wp:attachment":[{"href":"https:\/\/elitakom.mk\/sq\/wp-json\/wp\/v2\/media?parent=3"}],"curies":[{"name":"wp","href":"https:\/\/api.w.org\/{rel}","templated":true}]}}