{"id":309,"date":"2022-05-17T11:09:37","date_gmt":"2022-05-17T11:09:37","guid":{"rendered":"https:\/\/elitakom.mk\/?page_id=309"},"modified":"2022-08-05T15:36:01","modified_gmt":"2022-08-05T15:36:01","slug":"produktet","status":"publish","type":"page","link":"https:\/\/elitakom.mk\/sq\/produktet\/","title":{"rendered":"Produktet"},"content":{"rendered":"","protected":false},"excerpt":{"rendered":"","protected":false},"author":1,"featured_media":0,"parent":0,"menu_order":0,"comment_status":"closed","ping_status":"closed","template":"views\/products-page.blade.php","meta":{"_acf_changed":false,"footnotes":""},"class_list":["post-309","page","type-page","status-publish","hentry"],"acf":[],"yoast_head":"<!-- This site is optimized with the Yoast SEO plugin v27.3 - https:\/\/yoast.com\/product\/yoast-seo-wordpress\/ -->\n<title>Produktet - Elitakom | Exclusive Doors<\/title>\n<meta name=\"description\" content=\"Exclusive Doors. Eksploroni produktet tona t\u00eb shumta. Elitakom p\u00ebr t\u00eb gjith\u00eb klient\u00ebt ofron materialet m\u00eb ekskluzive p\u00ebr p\u00ebrpunimin e dyerve.\" \/>\n<meta name=\"robots\" content=\"index, follow, max-snippet:-1, max-image-preview:large, max-video-preview:-1\" \/>\n<link rel=\"canonical\" href=\"https:\/\/elitakom.mk\/sq\/produktet\/\" \/>\n<meta property=\"og:locale\" content=\"sq_AL\" \/>\n<meta property=\"og:type\" content=\"article\" \/>\n<meta property=\"og:title\" content=\"Produktet - Elitakom | Exclusive Doors\" \/>\n<meta property=\"og:description\" content=\"Exclusive Doors. Eksploroni produktet tona t\u00eb shumta. Elitakom p\u00ebr t\u00eb gjith\u00eb klient\u00ebt ofron materialet m\u00eb ekskluzive p\u00ebr p\u00ebrpunimin e dyerve.\" \/>\n<meta property=\"og:url\" content=\"https:\/\/elitakom.mk\/sq\/produktet\/\" \/>\n<meta property=\"og:site_name\" content=\"Elitakom\" \/>\n<meta property=\"article:publisher\" content=\"https:\/\/www.facebook.com\/elitakom\" \/>\n<meta property=\"article:modified_time\" content=\"2022-08-05T15:36:01+00:00\" \/>\n<meta property=\"og:image\" content=\"https:\/\/i0.wp.com\/elitakom.mk\/wp-content\/uploads\/2022\/08\/slider.jpg?fit=2100%2C809&ssl=1\" \/>\n\t<meta property=\"og:image:width\" content=\"2100\" \/>\n\t<meta property=\"og:image:height\" content=\"809\" \/>\n\t<meta property=\"og:image:type\" content=\"image\/jpeg\" \/>\n<meta name=\"twitter:card\" content=\"summary_large_image\" \/>\n<script type=\"application\/ld+json\" class=\"yoast-schema-graph\">{\"@context\":\"https:\\\/\\\/schema.org\",\"@graph\":[{\"@type\":\"WebPage\",\"@id\":\"https:\\\/\\\/elitakom.mk\\\/sq\\\/produktet\\\/\",\"url\":\"https:\\\/\\\/elitakom.mk\\\/sq\\\/produktet\\\/\",\"name\":\"Produktet - Elitakom | Exclusive Doors\",\"isPartOf\":{\"@id\":\"https:\\\/\\\/elitakom.mk\\\/#website\"},\"datePublished\":\"2022-05-17T11:09:37+00:00\",\"dateModified\":\"2022-08-05T15:36:01+00:00\",\"description\":\"Exclusive Doors. Eksploroni produktet tona t\u00eb shumta. Elitakom p\u00ebr t\u00eb gjith\u00eb klient\u00ebt ofron materialet m\u00eb ekskluzive p\u00ebr p\u00ebrpunimin e dyerve.\",\"breadcrumb\":{\"@id\":\"https:\\\/\\\/elitakom.mk\\\/sq\\\/produktet\\\/#breadcrumb\"},\"inLanguage\":\"sq-AL\",\"potentialAction\":[{\"@type\":\"ReadAction\",\"target\":[\"https:\\\/\\\/elitakom.mk\\\/sq\\\/produktet\\\/\"]}]},{\"@type\":\"BreadcrumbList\",\"@id\":\"https:\\\/\\\/elitakom.mk\\\/sq\\\/produktet\\\/#breadcrumb\",\"itemListElement\":[{\"@type\":\"ListItem\",\"position\":1,\"name\":\"Home\",\"item\":\"https:\\\/\\\/elitakom.mk\\\/sq\\\/\"},{\"@type\":\"ListItem\",\"position\":2,\"name\":\"Produktet\"}]},{\"@type\":\"WebSite\",\"@id\":\"https:\\\/\\\/elitakom.mk\\\/#website\",\"url\":\"https:\\\/\\\/elitakom.mk\\\/\",\"name\":\"Elitakom\",\"description\":\"Exclusive Doors\",\"publisher\":{\"@id\":\"https:\\\/\\\/elitakom.mk\\\/#organization\"},\"potentialAction\":[{\"@type\":\"SearchAction\",\"target\":{\"@type\":\"EntryPoint\",\"urlTemplate\":\"https:\\\/\\\/elitakom.mk\\\/?s={search_term_string}\"},\"query-input\":{\"@type\":\"PropertyValueSpecification\",\"valueRequired\":true,\"valueName\":\"search_term_string\"}}],\"inLanguage\":\"sq-AL\"},{\"@type\":\"Organization\",\"@id\":\"https:\\\/\\\/elitakom.mk\\\/#organization\",\"name\":\"Elitakom\",\"url\":\"https:\\\/\\\/elitakom.mk\\\/\",\"logo\":{\"@type\":\"ImageObject\",\"inLanguage\":\"sq-AL\",\"@id\":\"https:\\\/\\\/elitakom.mk\\\/#\\\/schema\\\/logo\\\/image\\\/\",\"url\":\"https:\\\/\\\/elitakom.mk\\\/wp-content\\\/uploads\\\/2022\\\/04\\\/logo_dark.png\",\"contentUrl\":\"https:\\\/\\\/elitakom.mk\\\/wp-content\\\/uploads\\\/2022\\\/04\\\/logo_dark.png\",\"width\":218,\"height\":68,\"caption\":\"Elitakom\"},\"image\":{\"@id\":\"https:\\\/\\\/elitakom.mk\\\/#\\\/schema\\\/logo\\\/image\\\/\"},\"sameAs\":[\"https:\\\/\\\/www.facebook.com\\\/elitakom\",\"https:\\\/\\\/www.instagram.com\\\/elita_kom\\\/\"]}]}<\/script>\n<!-- \/ Yoast SEO plugin. -->","yoast_head_json":{"title":"Produktet - Elitakom | Exclusive Doors","description":"Exclusive Doors. Eksploroni produktet tona t\u00eb shumta. Elitakom p\u00ebr t\u00eb gjith\u00eb klient\u00ebt ofron materialet m\u00eb ekskluzive p\u00ebr p\u00ebrpunimin e dyerve.","robots":{"index":"index","follow":"follow","max-snippet":"max-snippet:-1","max-image-preview":"max-image-preview:large","max-video-preview":"max-video-preview:-1"},"canonical":"https:\/\/elitakom.mk\/sq\/produktet\/","og_locale":"sq_AL","og_type":"article","og_title":"Produktet - Elitakom | Exclusive Doors","og_description":"Exclusive Doors. Eksploroni produktet tona t\u00eb shumta. Elitakom p\u00ebr t\u00eb gjith\u00eb klient\u00ebt ofron materialet m\u00eb ekskluzive p\u00ebr p\u00ebrpunimin e dyerve.","og_url":"https:\/\/elitakom.mk\/sq\/produktet\/","og_site_name":"Elitakom","article_publisher":"https:\/\/www.facebook.com\/elitakom","article_modified_time":"2022-08-05T15:36:01+00:00","og_image":[{"width":2100,"height":809,"url":"https:\/\/i0.wp.com\/elitakom.mk\/wp-content\/uploads\/2022\/08\/slider.jpg?fit=2100%2C809&ssl=1","type":"image\/jpeg"}],"twitter_card":"summary_large_image","schema":{"@context":"https:\/\/schema.org","@graph":[{"@type":"WebPage","@id":"https:\/\/elitakom.mk\/sq\/produktet\/","url":"https:\/\/elitakom.mk\/sq\/produktet\/","name":"Produktet - Elitakom | Exclusive Doors","isPartOf":{"@id":"https:\/\/elitakom.mk\/#website"},"datePublished":"2022-05-17T11:09:37+00:00","dateModified":"2022-08-05T15:36:01+00:00","description":"Exclusive Doors. Eksploroni produktet tona t\u00eb shumta. Elitakom p\u00ebr t\u00eb gjith\u00eb klient\u00ebt ofron materialet m\u00eb ekskluzive p\u00ebr p\u00ebrpunimin e dyerve.","breadcrumb":{"@id":"https:\/\/elitakom.mk\/sq\/produktet\/#breadcrumb"},"inLanguage":"sq-AL","potentialAction":[{"@type":"ReadAction","target":["https:\/\/elitakom.mk\/sq\/produktet\/"]}]},{"@type":"BreadcrumbList","@id":"https:\/\/elitakom.mk\/sq\/produktet\/#breadcrumb","itemListElement":[{"@type":"ListItem","position":1,"name":"Home","item":"https:\/\/elitakom.mk\/sq\/"},{"@type":"ListItem","position":2,"name":"Produktet"}]},{"@type":"WebSite","@id":"https:\/\/elitakom.mk\/#website","url":"https:\/\/elitakom.mk\/","name":"Elitakom","description":"Exclusive Doors","publisher":{"@id":"https:\/\/elitakom.mk\/#organization"},"potentialAction":[{"@type":"SearchAction","target":{"@type":"EntryPoint","urlTemplate":"https:\/\/elitakom.mk\/?s={search_term_string}"},"query-input":{"@type":"PropertyValueSpecification","valueRequired":true,"valueName":"search_term_string"}}],"inLanguage":"sq-AL"},{"@type":"Organization","@id":"https:\/\/elitakom.mk\/#organization","name":"Elitakom","url":"https:\/\/elitakom.mk\/","logo":{"@type":"ImageObject","inLanguage":"sq-AL","@id":"https:\/\/elitakom.mk\/#\/schema\/logo\/image\/","url":"https:\/\/elitakom.mk\/wp-content\/uploads\/2022\/04\/logo_dark.png","contentUrl":"https:\/\/elitakom.mk\/wp-content\/uploads\/2022\/04\/logo_dark.png","width":218,"height":68,"caption":"Elitakom"},"image":{"@id":"https:\/\/elitakom.mk\/#\/schema\/logo\/image\/"},"sameAs":["https:\/\/www.facebook.com\/elitakom","https:\/\/www.instagram.com\/elita_kom\/"]}]}},"_links":{"self":[{"href":"https:\/\/elitakom.mk\/sq\/wp-json\/wp\/v2\/pages\/309","targetHints":{"allow":["GET"]}}],"collection":[{"href":"https:\/\/elitakom.mk\/sq\/wp-json\/wp\/v2\/pages"}],"about":[{"href":"https:\/\/elitakom.mk\/sq\/wp-json\/wp\/v2\/types\/page"}],"author":[{"embeddable":true,"href":"https:\/\/elitakom.mk\/sq\/wp-json\/wp\/v2\/users\/1"}],"replies":[{"embeddable":true,"href":"https:\/\/elitakom.mk\/sq\/wp-json\/wp\/v2\/comments?post=309"}],"version-history":[{"count":0,"href":"https:\/\/elitakom.mk\/sq\/wp-json\/wp\/v2\/pages\/309\/revisions"}],"wp:attachment":[{"href":"https:\/\/elitakom.mk\/sq\/wp-json\/wp\/v2\/media?parent=309"}],"curies":[{"name":"wp","href":"https:\/\/api.w.org\/{rel}","templated":true}]}}